{"id":2239,"date":"2022-03-15T11:08:32","date_gmt":"2022-03-15T05:08:32","guid":{"rendered":"https:\/\/royalgym.cz\/letohrad\/?page_id=2239"},"modified":"2025-11-16T18:13:48","modified_gmt":"2025-11-16T17:13:48","slug":"skupinove-aktivity","status":"publish","type":"page","link":"https:\/\/royalgym.cz\/letohrad\/skupinove-aktivity\/","title":{"rendered":"Skupinov\u00e9 aktivity"},"content":{"rendered":"\t\t<div data-elementor-type=\"wp-page\" data-elementor-id=\"2239\" class=\"elementor elementor-2239\" data-elementor-post-type=\"page\">\n\t\t\t\t\t\t<section class=\"elementor-section elementor-top-section elementor-element elementor-element-cec8bf9 elementor-section-full_width elementor-section-height-default elementor-section-height-default rt-parallax-bg-no\" data-id=\"cec8bf9\" data-element_type=\"section\" data-settings=\"{&quot;background_background&quot;:&quot;classic&quot;}\">\n\t\t\t\t\t\t<div class=\"elementor-container elementor-column-gap-default\">\n\t\t\t\t\t<div class=\"elementor-column elementor-col-100 elementor-top-column elementor-element elementor-element-152e178\" data-id=\"152e178\" data-element_type=\"column\">\n\t\t\t<div class=\"elementor-widget-wrap elementor-element-populated\">\n\t\t\t\t\t\t<div class=\"elementor-element elementor-element-4535775 elementor-widget elementor-widget-rt-banner\" data-id=\"4535775\" data-element_type=\"widget\" data-widget_type=\"rt-banner.default\">\n\t\t\t\t<div class=\"elementor-widget-container\">\n\t\t\t\t\t\r\n<div class=\"rt-banner-addon style4\">\r\n    <div class=\"animated-image\" data-bg-image=https:\/\/royalgym.cz\/letohrad\/wp-content\/uploads\/2022\/03\/banner-9-1.jpg>\r\n\r\n    <\/div>\r\n            <ul class=\"element-list d-none d-xl-block\">\r\n            <li>\r\n                <img fetchpriority=\"high\" decoding=\"async\" src=\"https:\/\/royalgym.cz\/letohrad\/wp-content\/themes\/gymat\/assets\/element\/home4-shape3.svg\" alt=\"element_23\" width=\"1211\" height=\"850\">\r\n            <\/li>\r\n            <li class=\"wow fadeInLeft rt-animate\" data-wow-delay=\"1200ms\" data-wow-duration=\"1200ms\">\r\n                <img decoding=\"async\" src=\"https:\/\/royalgym.cz\/letohrad\/wp-content\/themes\/gymat\/assets\/element\/home-4-shape2.svg\" alt=\"element_23\" width=\"196\" height=\"98\">\r\n            <\/li>\r\n            <li class=\"motion-effects1\">\r\n                <img decoding=\"async\" src=\"https:\/\/royalgym.cz\/letohrad\/wp-content\/themes\/gymat\/assets\/element\/home4-shape.svg\" alt=\"element_23\" width=\"102\" height=\"32\">\r\n            <\/li>\r\n        <\/ul>\r\n        \r\n    <div class=\"container\">\r\n        <div class=\"banner-content-wrap\">\r\n            <div class=\"row\">\r\n                <div class=\"col-xl-7 col-lg-8 col-md-10\">\r\n                    <div class=\"banner-content\">\r\n                                                    <div class=\"subtitle wow fadeInUp rt-animate\" data-wow-delay=\"1s\" data-wow-duration=\"1s\">\r\n                                U\u017eijte si na\u0161e                            <\/div>\r\n                                                <h2 class=\"banner-title wow fadeInUp rt-animate\" data-wow-delay=\"1.2s\" data-wow-duration=\"1s\">\r\n                            Skupinov\u00e9 aktivity                        <\/h2>\r\n                        <p class=\"wow fadeInUp rt-animate\" data-wow-delay=\"1.4s\" data-wow-duration=\"1s\">\r\n                        Zapojte se do skupinov\u00fdch aktivit v na\u0161em v\u00edce\u00fa\u010delov\u00e9m s\u00e1lu.                        <\/p>\r\n                                            <\/div>\r\n                <\/div>\r\n            <\/div>\r\n        <\/div>\r\n    <\/div>\t\t\r\n<\/div>\r\n\r\n\r\n\r\n\r\n\r\n\r\n\r\n\t\t\t\t<\/div>\n\t\t\t\t<\/div>\n\t\t\t\t<div class=\"elementor-element elementor-element-e24c40e elementor-widget__width-auto elementor-absolute elementor-widget elementor-widget-image\" data-id=\"e24c40e\" data-element_type=\"widget\" data-settings=\"{&quot;_position&quot;:&quot;absolute&quot;}\" data-widget_type=\"image.default\">\n\t\t\t\t<div class=\"elementor-widget-container\">\n\t\t\t\t\t\t\t\t\t\t\t\t\t\t\t<img loading=\"lazy\" decoding=\"async\" width=\"244\" height=\"850\" src=\"https:\/\/royalgym.cz\/letohrad\/wp-content\/uploads\/2022\/03\/home-4-shadow2.svg\" class=\"attachment-full size-full wp-image-2384\" alt=\"\" \/>\t\t\t\t\t\t\t\t\t\t\t\t\t\t\t<\/div>\n\t\t\t\t<\/div>\n\t\t\t\t\t<\/div>\n\t\t<\/div>\n\t\t\t\t\t<\/div>\n\t\t<\/section>\n\t\t\t\t<section class=\"elementor-section elementor-top-section elementor-element elementor-element-f5602ab elementor-section-boxed elementor-section-height-default elementor-section-height-default rt-parallax-bg-no\" data-id=\"f5602ab\" data-element_type=\"section\">\n\t\t\t\t\t\t<div class=\"elementor-container elementor-column-gap-default\">\n\t\t\t\t\t<div class=\"elementor-column elementor-col-100 elementor-top-column elementor-element elementor-element-6fa9382\" data-id=\"6fa9382\" data-element_type=\"column\">\n\t\t\t<div class=\"elementor-widget-wrap\">\n\t\t\t\t\t\t\t<\/div>\n\t\t<\/div>\n\t\t\t\t\t<\/div>\n\t\t<\/section>\n\t\t\t\t<section class=\"elementor-section elementor-top-section elementor-element elementor-element-4351bff elementor-section-boxed elementor-section-height-default elementor-section-height-default rt-parallax-bg-no\" data-id=\"4351bff\" data-element_type=\"section\">\n\t\t\t\t\t\t<div class=\"elementor-container elementor-column-gap-default\">\n\t\t\t\t\t<div class=\"elementor-column elementor-col-100 elementor-top-column elementor-element elementor-element-a7d692c\" data-id=\"a7d692c\" data-element_type=\"column\">\n\t\t\t<div class=\"elementor-widget-wrap elementor-element-populated\">\n\t\t\t\t\t\t<div class=\"elementor-element elementor-element-32c28ae elementor-widget elementor-widget-rt-text-with-button\" data-id=\"32c28ae\" data-element_type=\"widget\" data-widget_type=\"rt-text-with-button.default\">\n\t\t\t\t<div class=\"elementor-widget-container\">\n\t\t\t\t\t<div class=\"title-text-button  text-style1\">\n\t\t\t<div class=\"subtitle\">galerie<\/div>\n\t\t\t\t<h2 class=\"section-title\">Rozvrh skupinov\u00fdch aktivit<\/h2>\t<div class=\"section-content\">Kliknut\u00edm na zvolenou aktivitu otev\u0159ete v\u00edce detail\u016f o aktivit\u011b.<\/div>\n\t<\/div>\t\t\t\t<\/div>\n\t\t\t\t<\/div>\n\t\t\t\t<div class=\"elementor-element elementor-element-d13ca3d elementor-widget elementor-widget-html\" data-id=\"d13ca3d\" data-element_type=\"widget\" data-widget_type=\"html.default\">\n\t\t\t\t<div class=\"elementor-widget-container\">\n\t\t\t\t\t<div class=\"rgw-wrap\">\n  <div class=\"rgw-header\">\n    <button class=\"rgw-nav rgw-prev\" aria-label=\"P\u0159edchoz\u00ed t\u00fdden\">\u2039<\/button>\n    <div class=\"rgw-title\">\n      <span class=\"rgw-range\" id=\"rgw-range\">Tento t\u00fdden<\/span>\n    <\/div>\n    <div class=\"rgw-ctrl\">\n      <button class=\"rgw-today\" id=\"rgw-today\">Dnes<\/button>\n      <button class=\"rgw-nav rgw-next\" aria-label=\"Dal\u0161\u00ed t\u00fdden\">\u203a<\/button>\n    <\/div>\n  <\/div>\n\n  <div class=\"rgw-table\" id=\"rgw-table\">\n    <!-- sem dopln\u00ed JS -->\n  <\/div>\n\n  <div class=\"rgw-note\">Automatick\u00e1 aktualizace ka\u017ed\u00fdch 5 minut<\/div>\n<\/div>\t\t\t\t<\/div>\n\t\t\t\t<\/div>\n\t\t\t\t\t<\/div>\n\t\t<\/div>\n\t\t\t\t\t<\/div>\n\t\t<\/section>\n\t\t\t\t<\/div>\n\t\t","protected":false},"excerpt":{"rendered":"<p>U\u017eijte si na\u0161e Skupinov\u00e9 aktivity Zapojte se do skupinov\u00fdch aktivit v na\u0161em v\u00edce\u00fa\u010delov\u00e9m s\u00e1lu. galerie Rozvrh skupinov\u00fdch aktivit Kliknut\u00edm na zvolenou aktivitu otev\u0159ete v\u00edce detail\u016f o aktivit\u011b. \u2039 Tento t\u00fdden Dnes \u203a Automatick\u00e1 aktualizace ka\u017ed\u00fdch 5 minut<\/p>\n","protected":false},"author":1,"featured_media":0,"parent":0,"menu_order":0,"comment_status":"closed","ping_status":"closed","template":"elementor_header_footer","meta":{"footnotes":""},"class_list":["post-2239","page","type-page","status-publish","hentry"],"_links":{"self":[{"href":"https:\/\/royalgym.cz\/letohrad\/wp-json\/wp\/v2\/pages\/2239","targetHints":{"allow":["GET"]}}],"collection":[{"href":"https:\/\/royalgym.cz\/letohrad\/wp-json\/wp\/v2\/pages"}],"about":[{"href":"https:\/\/royalgym.cz\/letohrad\/wp-json\/wp\/v2\/types\/page"}],"author":[{"embeddable":true,"href":"https:\/\/royalgym.cz\/letohrad\/wp-json\/wp\/v2\/users\/1"}],"replies":[{"embeddable":true,"href":"https:\/\/royalgym.cz\/letohrad\/wp-json\/wp\/v2\/comments?post=2239"}],"version-history":[{"count":31,"href":"https:\/\/royalgym.cz\/letohrad\/wp-json\/wp\/v2\/pages\/2239\/revisions"}],"predecessor-version":[{"id":7673,"href":"https:\/\/royalgym.cz\/letohrad\/wp-json\/wp\/v2\/pages\/2239\/revisions\/7673"}],"wp:attachment":[{"href":"https:\/\/royalgym.cz\/letohrad\/wp-json\/wp\/v2\/media?parent=2239"}],"curies":[{"name":"wp","href":"https:\/\/api.w.org\/{rel}","templated":true}]}}